{"id":743,"date":"2024-04-04T09:35:35","date_gmt":"2024-04-04T12:35:35","guid":{"rendered":"https:\/\/academiavanza.com.ar\/?page_id=743"},"modified":"2024-09-10T16:49:22","modified_gmt":"2024-09-10T19:49:22","slug":"comunidad","status":"publish","type":"page","link":"https:\/\/academiavanza.com.ar\/?page_id=743","title":{"rendered":"Comunidad"},"content":{"rendered":"\t\t<div data-elementor-type=\"wp-page\" data-elementor-id=\"743\" class=\"elementor elementor-743\" data-elementor-post-type=\"page\">\n\t\t\t\t\t\t<section class=\"elementor-section elementor-top-section elementor-element elementor-element-543c77a elementor-section-height-min-height elementor-hidden-tablet elementor-hidden-desktop elementor-section-boxed elementor-section-height-default elementor-section-items-middle\" data-id=\"543c77a\" data-element_type=\"section\" data-e-type=\"section\" data-settings=\"{&quot;background_background&quot;:&quot;classic&quot;}\">\n\t\t\t\t\t\t\t<div class=\"elementor-background-overlay\"><\/div>\n\t\t\t\t\t\t\t<div class=\"elementor-container elementor-column-gap-default\">\n\t\t\t\t\t<div class=\"elementor-column elementor-col-33 elementor-top-column elementor-element elementor-element-a09998e\" data-id=\"a09998e\" data-element_type=\"column\" data-e-type=\"column\">\n\t\t\t<div class=\"elementor-widget-wrap\">\n\t\t\t\t\t\t\t<\/div>\n\t\t<\/div>\n\t\t\t\t<div class=\"elementor-column elementor-col-33 elementor-top-column elementor-element elementor-element-f79bfa0\" data-id=\"f79bfa0\" data-element_type=\"column\" data-e-type=\"column\">\n\t\t\t<div class=\"elementor-widget-wrap elementor-element-populated\">\n\t\t\t\t\t\t<div class=\"elementor-element elementor-element-eada737 elementor-widget elementor-widget-heading\" data-id=\"eada737\" data-element_type=\"widget\" data-e-type=\"widget\" data-widget_type=\"heading.default\">\n\t\t\t\t<div class=\"elementor-widget-container\">\n\t\t\t\t\t<h1 class=\"elementor-heading-title elementor-size-default\">Comunidad<\/h1>\t\t\t\t<\/div>\n\t\t\t\t<\/div>\n\t\t\t\t\t<\/div>\n\t\t<\/div>\n\t\t\t\t<div class=\"elementor-column elementor-col-33 elementor-top-column elementor-element elementor-element-a5e7d9e\" data-id=\"a5e7d9e\" data-element_type=\"column\" data-e-type=\"column\">\n\t\t\t<div class=\"elementor-widget-wrap\">\n\t\t\t\t\t\t\t<\/div>\n\t\t<\/div>\n\t\t\t\t\t<\/div>\n\t\t<\/section>\n\t\t\t\t<section class=\"elementor-section elementor-top-section elementor-element elementor-element-3b3dfa8 elementor-section-height-min-height elementor-hidden-mobile elementor-hidden-desktop elementor-section-boxed elementor-section-height-default elementor-section-items-middle\" data-id=\"3b3dfa8\" data-element_type=\"section\" data-e-type=\"section\" data-settings=\"{&quot;background_background&quot;:&quot;classic&quot;}\">\n\t\t\t\t\t\t\t<div class=\"elementor-background-overlay\"><\/div>\n\t\t\t\t\t\t\t<div class=\"elementor-container elementor-column-gap-default\">\n\t\t\t\t\t<div class=\"elementor-column elementor-col-33 elementor-top-column elementor-element elementor-element-620c144\" data-id=\"620c144\" data-element_type=\"column\" data-e-type=\"column\">\n\t\t\t<div class=\"elementor-widget-wrap\">\n\t\t\t\t\t\t\t<\/div>\n\t\t<\/div>\n\t\t\t\t<div class=\"elementor-column elementor-col-33 elementor-top-column elementor-element elementor-element-1f492a8\" data-id=\"1f492a8\" data-element_type=\"column\" data-e-type=\"column\">\n\t\t\t<div class=\"elementor-widget-wrap\">\n\t\t\t\t\t\t\t<\/div>\n\t\t<\/div>\n\t\t\t\t<div class=\"elementor-column elementor-col-33 elementor-top-column elementor-element elementor-element-1c8528c\" data-id=\"1c8528c\" data-element_type=\"column\" data-e-type=\"column\">\n\t\t\t<div class=\"elementor-widget-wrap elementor-element-populated\">\n\t\t\t\t\t\t<div class=\"elementor-element elementor-element-a41d4d4 elementor-widget elementor-widget-heading\" data-id=\"a41d4d4\" data-element_type=\"widget\" data-e-type=\"widget\" data-widget_type=\"heading.default\">\n\t\t\t\t<div class=\"elementor-widget-container\">\n\t\t\t\t\t<h1 class=\"elementor-heading-title elementor-size-default\">Comunidad<\/h1>\t\t\t\t<\/div>\n\t\t\t\t<\/div>\n\t\t\t\t\t<\/div>\n\t\t<\/div>\n\t\t\t\t\t<\/div>\n\t\t<\/section>\n\t\t\t\t<section class=\"elementor-section elementor-top-section elementor-element elementor-element-24cf0e9 elementor-section-height-min-height elementor-hidden-tablet elementor-hidden-mobile elementor-section-boxed elementor-section-height-default elementor-section-items-middle\" data-id=\"24cf0e9\" data-element_type=\"section\" data-e-type=\"section\" data-settings=\"{&quot;background_background&quot;:&quot;classic&quot;}\">\n\t\t\t\t\t\t\t<div class=\"elementor-background-overlay\"><\/div>\n\t\t\t\t\t\t\t<div class=\"elementor-container elementor-column-gap-default\">\n\t\t\t\t\t<div class=\"elementor-column elementor-col-33 elementor-top-column elementor-element elementor-element-fa4a98b\" data-id=\"fa4a98b\" data-element_type=\"column\" data-e-type=\"column\">\n\t\t\t<div class=\"elementor-widget-wrap\">\n\t\t\t\t\t\t\t<\/div>\n\t\t<\/div>\n\t\t\t\t<div class=\"elementor-column elementor-col-33 elementor-top-column elementor-element elementor-element-d398e21\" data-id=\"d398e21\" data-element_type=\"column\" data-e-type=\"column\">\n\t\t\t<div class=\"elementor-widget-wrap\">\n\t\t\t\t\t\t\t<\/div>\n\t\t<\/div>\n\t\t\t\t<div class=\"elementor-column elementor-col-33 elementor-top-column elementor-element elementor-element-d0f717f\" data-id=\"d0f717f\" data-element_type=\"column\" data-e-type=\"column\">\n\t\t\t<div class=\"elementor-widget-wrap elementor-element-populated\">\n\t\t\t\t\t\t<div class=\"elementor-element elementor-element-5f452eb elementor-widget elementor-widget-heading\" data-id=\"5f452eb\" data-element_type=\"widget\" data-e-type=\"widget\" data-widget_type=\"heading.default\">\n\t\t\t\t<div class=\"elementor-widget-container\">\n\t\t\t\t\t<h1 class=\"elementor-heading-title elementor-size-default\">Comunidad<\/h1>\t\t\t\t<\/div>\n\t\t\t\t<\/div>\n\t\t\t\t\t<\/div>\n\t\t<\/div>\n\t\t\t\t\t<\/div>\n\t\t<\/section>\n\t\t\t\t<section class=\"elementor-section elementor-top-section elementor-element elementor-element-736f387 elementor-section-boxed elementor-section-height-default elementor-section-height-default\" data-id=\"736f387\" data-element_type=\"section\" data-e-type=\"section\" data-settings=\"{&quot;background_background&quot;:&quot;classic&quot;}\">\n\t\t\t\t\t\t<div class=\"elementor-container elementor-column-gap-no\">\n\t\t\t\t\t<div class=\"elementor-column elementor-col-100 elementor-top-column elementor-element elementor-element-fbae753\" data-id=\"fbae753\" data-element_type=\"column\" data-e-type=\"column\">\n\t\t\t<div class=\"elementor-widget-wrap elementor-element-populated\">\n\t\t\t\t\t\t<div class=\"elementor-element elementor-element-60834fd elementor-view-default elementor-widget elementor-widget-icon\" data-id=\"60834fd\" data-element_type=\"widget\" data-e-type=\"widget\" data-widget_type=\"icon.default\">\n\t\t\t\t<div class=\"elementor-widget-container\">\n\t\t\t\t\t\t\t<div class=\"elementor-icon-wrapper\">\n\t\t\t<div class=\"elementor-icon\">\n\t\t\t<svg aria-hidden=\"true\" class=\"e-font-icon-svg e-fas-caret-down\" viewBox=\"0 0 320 512\" xmlns=\"http:\/\/www.w3.org\/2000\/svg\"><path d=\"M31.3 192h257.3c17.8 0 26.7 21.5 14.1 34.1L174.1 354.8c-7.8 7.8-20.5 7.8-28.3 0L17.2 226.1C4.6 213.5 13.5 192 31.3 192z\"><\/path><\/svg>\t\t\t<\/div>\n\t\t<\/div>\n\t\t\t\t\t\t<\/div>\n\t\t\t\t<\/div>\n\t\t\t\t<div class=\"elementor-element elementor-element-af21266 elementor-widget elementor-widget-heading\" data-id=\"af21266\" data-element_type=\"widget\" data-e-type=\"widget\" data-widget_type=\"heading.default\">\n\t\t\t\t<div class=\"elementor-widget-container\">\n\t\t\t\t\t<h2 class=\"elementor-heading-title elementor-size-default\">Te invito a formar parte de nuestra comunidad y convertirte en un agente facilitador del cambio, en d\u00f3nde nos comprometemos a desarrollar y compartir las mejores pr\u00e1cticas, investigaciones actualizadas y estrategias efectivas para mejorar el bienestar y la atenci\u00f3n de las personas mayores. Creemos en el poder de la colaboraci\u00f3n y la educaci\u00f3n continua para impulsar el progreso en el campo de la gerontolog\u00eda.<\/h2>\t\t\t\t<\/div>\n\t\t\t\t<\/div>\n\t\t\t\t<div class=\"elementor-element elementor-element-278fedd elementor-widget elementor-widget-heading\" data-id=\"278fedd\" data-element_type=\"widget\" data-e-type=\"widget\" data-widget_type=\"heading.default\">\n\t\t\t\t<div class=\"elementor-widget-container\">\n\t\t\t\t\t<h2 class=\"elementor-heading-title elementor-size-default\">Si compartes nuestra pasi\u00f3n por crear un futuro m\u00e1s inclusivo y enriquecedor para las personas mayores, te invitamos a unirte a nuestra comunidad y ser parte del cambio que deseamos ver en el mundo de la gerontolog\u00eda. \u00a1Juntos podemos marcar la diferencia!\"<\/h2>\t\t\t\t<\/div>\n\t\t\t\t<\/div>\n\t\t\t\t\t<\/div>\n\t\t<\/div>\n\t\t\t\t\t<\/div>\n\t\t<\/section>\n\t\t<div class=\"elementor-element elementor-element-ed731d0 e-flex e-con-boxed e-con e-parent\" data-id=\"ed731d0\" data-element_type=\"container\" data-e-type=\"container\">\n\t\t\t\t\t<div class=\"e-con-inner\">\n\t\t\t\t<div class=\"elementor-element elementor-element-4e398d3 elementor-widget elementor-widget-heading\" data-id=\"4e398d3\" data-element_type=\"widget\" data-e-type=\"widget\" data-widget_type=\"heading.default\">\n\t\t\t\t<div class=\"elementor-widget-container\">\n\t\t\t\t\t<h2 class=\"elementor-heading-title elementor-size-default\">\u00bfQuieres recibir los emails semanales de belen? <\/h2>\t\t\t\t<\/div>\n\t\t\t\t<\/div>\n\t\t\t\t<div class=\"elementor-element elementor-element-cf1f0cd elementor-widget elementor-widget-heading\" data-id=\"cf1f0cd\" data-element_type=\"widget\" data-e-type=\"widget\" data-widget_type=\"heading.default\">\n\t\t\t\t<div class=\"elementor-widget-container\">\n\t\t\t\t\t<h2 class=\"elementor-heading-title elementor-size-default\">Reg\u00edstrate aqu\u00ed:<\/h2>\t\t\t\t<\/div>\n\t\t\t\t<\/div>\n\t\t\t\t\t<\/div>\n\t\t\t\t<\/div>\n\t\t<div class=\"elementor-element elementor-element-347f185 e-flex e-con-boxed e-con e-parent\" data-id=\"347f185\" data-element_type=\"container\" data-e-type=\"container\">\n\t\t\t\t\t<div class=\"e-con-inner\">\n\t\t\t\t<div class=\"elementor-element elementor-element-260dff0 elementor-widget elementor-widget-image\" data-id=\"260dff0\" data-element_type=\"widget\" data-e-type=\"widget\" data-widget_type=\"image.default\">\n\t\t\t\t<div class=\"elementor-widget-container\">\n\t\t\t\t\t\t\t\t\t\t\t\t\t\t\t<img decoding=\"async\" src=\"https:\/\/academiavanza.com.ar\/wp-content\/uploads\/2024\/02\/FASE-1-MNM-52-100x100.png\" title=\"FASE 1 MNM-52\" alt=\"FASE 1 MNM-52\" loading=\"lazy\" \/>\t\t\t\t\t\t\t\t\t\t\t\t\t\t\t<\/div>\n\t\t\t\t<\/div>\n\t\t\t\t\t<\/div>\n\t\t\t\t<\/div>\n\t\t<div class=\"elementor-element elementor-element-b848fc7 e-flex e-con-boxed e-con e-parent\" data-id=\"b848fc7\" data-element_type=\"container\" data-e-type=\"container\" data-settings=\"{&quot;background_background&quot;:&quot;classic&quot;}\">\n\t\t\t\t\t<div class=\"e-con-inner\">\n\t\t\t\t<div class=\"elementor-element elementor-element-0bb38e2 elementor-button-align-stretch elementor-widget elementor-widget-form\" data-id=\"0bb38e2\" data-element_type=\"widget\" data-e-type=\"widget\" data-settings=\"{&quot;step_next_label&quot;:&quot;NexT&quot;,&quot;step_previous_label&quot;:&quot;Previous&quot;,&quot;button_width&quot;:&quot;100&quot;,&quot;step_type&quot;:&quot;number_text&quot;,&quot;step_icon_shape&quot;:&quot;circle&quot;}\" data-widget_type=\"form.default\">\n\t\t\t\t<div class=\"elementor-widget-container\">\n\t\t\t\t\t\t\t<form class=\"elementor-form\" method=\"post\" name=\"New Form\" aria-label=\"New Form\">\n\t\t\t<input type=\"hidden\" name=\"post_id\" value=\"743\"\/>\n\t\t\t<input type=\"hidden\" name=\"form_id\" value=\"0bb38e2\"\/>\n\t\t\t<input type=\"hidden\" name=\"referer_title\" value=\"Comunidad - Academia Avanza\" \/>\n\n\t\t\t\t\t\t\t<input type=\"hidden\" name=\"queried_id\" value=\"743\"\/>\n\t\t\t\n\t\t\t<div class=\"elementor-form-fields-wrapper elementor-labels-above\">\n\t\t\t\t\t\t\t\t<div class=\"elementor-field-type-text elementor-field-group elementor-column elementor-field-group-name elementor-col-50\">\n\t\t\t\t\t\t\t\t\t\t\t\t<label for=\"form-field-name\" class=\"elementor-field-label\">\n\t\t\t\t\t\t\t\tTU NOMBRE\t\t\t\t\t\t\t<\/label>\n\t\t\t\t\t\t\t\t\t\t\t\t\t\t<input size=\"1\" type=\"text\" name=\"form_fields[name]\" id=\"form-field-name\" class=\"elementor-field elementor-size-sm  elementor-field-textual\">\n\t\t\t\t\t\t\t\t\t\t\t<\/div>\n\t\t\t\t\t\t\t\t<div class=\"elementor-field-type-email elementor-field-group elementor-column elementor-field-group-email elementor-col-50 elementor-field-required\">\n\t\t\t\t\t\t\t\t\t\t\t\t<label for=\"form-field-email\" class=\"elementor-field-label\">\n\t\t\t\t\t\t\t\tTU EMAIL\t\t\t\t\t\t\t<\/label>\n\t\t\t\t\t\t\t\t\t\t\t\t\t\t<input size=\"1\" type=\"email\" name=\"form_fields[email]\" id=\"form-field-email\" class=\"elementor-field elementor-size-sm  elementor-field-textual\" required=\"required\">\n\t\t\t\t\t\t\t\t\t\t\t<\/div>\n\t\t\t\t\t\t\t\t<div class=\"elementor-field-group elementor-column elementor-field-type-submit elementor-col-100 e-form__buttons\">\n\t\t\t\t\t<button class=\"elementor-button elementor-size-sm\" type=\"submit\">\n\t\t\t\t\t\t<span class=\"elementor-button-content-wrapper\">\n\t\t\t\t\t\t\t\t\t\t\t\t\t\t\t\t\t\t\t\t\t\t<span class=\"elementor-button-text\">\u00a1Mandame tu email!<\/span>\n\t\t\t\t\t\t\t\t\t\t\t\t\t<\/span>\n\t\t\t\t\t<\/button>\n\t\t\t\t<\/div>\n\t\t\t<\/div>\n\t\t<\/form>\n\t\t\t\t\t\t<\/div>\n\t\t\t\t<\/div>\n\t\t\t\t<div class=\"elementor-element elementor-element-04098d6 elementor-widget elementor-widget-heading\" data-id=\"04098d6\" data-element_type=\"widget\" data-e-type=\"widget\" data-widget_type=\"heading.default\">\n\t\t\t\t<div class=\"elementor-widget-container\">\n\t\t\t\t\t<h2 class=\"elementor-heading-title elementor-size-default\">Recibir\u00e1s un email (recuerda revisar en correo no deseado, spam o promociones).<\/h2>\t\t\t\t<\/div>\n\t\t\t\t<\/div>\n\t\t\t\t\t<\/div>\n\t\t\t\t<\/div>\n\t\t\t\t<\/div>\n\t\t","protected":false},"excerpt":{"rendered":"<p>Comunidad Comunidad Comunidad Te invito a formar parte de nuestra comunidad y convertirte en un agente facilitador del cambio, en d\u00f3nde nos comprometemos a desarrollar y compartir las mejores pr\u00e1cticas, investigaciones actualizadas y estrategias efectivas para mejorar el bienestar y la atenci\u00f3n de las personas mayores. Creemos en el poder de la colaboraci\u00f3n y la [&hellip;]<\/p>\n","protected":false},"author":1,"featured_media":0,"parent":0,"menu_order":0,"comment_status":"closed","ping_status":"closed","template":"elementor_header_footer","meta":{"footnotes":""},"class_list":["post-743","page","type-page","status-publish","hentry"],"yoast_head":"<!-- This site is optimized with the Yoast SEO plugin v27.5 - https:\/\/yoast.com\/product\/yoast-seo-wordpress\/ -->\n<title>Comunidad - Academia Avanza<\/title>\n<meta name=\"robots\" content=\"index, follow, max-snippet:-1, max-image-preview:large, max-video-preview:-1\" \/>\n<link rel=\"canonical\" href=\"https:\/\/academiavanza.com.ar\/?page_id=743\" \/>\n<meta property=\"og:locale\" content=\"es_ES\" \/>\n<meta property=\"og:type\" content=\"article\" \/>\n<meta property=\"og:title\" content=\"Comunidad - Academia Avanza\" \/>\n<meta property=\"og:description\" content=\"Comunidad Comunidad Comunidad Te invito a formar parte de nuestra comunidad y convertirte en un agente facilitador del cambio, en d\u00f3nde nos comprometemos a desarrollar y compartir las mejores pr\u00e1cticas, investigaciones actualizadas y estrategias efectivas para mejorar el bienestar y la atenci\u00f3n de las personas mayores. Creemos en el poder de la colaboraci\u00f3n y la [&hellip;]\" \/>\n<meta property=\"og:url\" content=\"https:\/\/academiavanza.com.ar\/?page_id=743\" \/>\n<meta property=\"og:site_name\" content=\"Academia Avanza\" \/>\n<meta property=\"article:modified_time\" content=\"2024-09-10T19:49:22+00:00\" \/>\n<meta property=\"og:image\" content=\"http:\/\/academiavanza.com.ar\/wp-content\/uploads\/2024\/02\/FASE-1-MNM-52-100x100.png\" \/>\n<meta name=\"twitter:card\" content=\"summary_large_image\" \/>\n<meta name=\"twitter:label1\" content=\"Tiempo de lectura\" \/>\n\t<meta name=\"twitter:data1\" content=\"1 minuto\" \/>\n<script type=\"application\/ld+json\" class=\"yoast-schema-graph\">{\"@context\":\"https:\\\/\\\/schema.org\",\"@graph\":[{\"@type\":\"WebPage\",\"@id\":\"https:\\\/\\\/academiavanza.com.ar\\\/?page_id=743\",\"url\":\"https:\\\/\\\/academiavanza.com.ar\\\/?page_id=743\",\"name\":\"Comunidad - Academia Avanza\",\"isPartOf\":{\"@id\":\"https:\\\/\\\/academiavanza.com.ar\\\/#website\"},\"primaryImageOfPage\":{\"@id\":\"https:\\\/\\\/academiavanza.com.ar\\\/?page_id=743#primaryimage\"},\"image\":{\"@id\":\"https:\\\/\\\/academiavanza.com.ar\\\/?page_id=743#primaryimage\"},\"thumbnailUrl\":\"http:\\\/\\\/academiavanza.com.ar\\\/wp-content\\\/uploads\\\/2024\\\/02\\\/FASE-1-MNM-52-100x100.png\",\"datePublished\":\"2024-04-04T12:35:35+00:00\",\"dateModified\":\"2024-09-10T19:49:22+00:00\",\"breadcrumb\":{\"@id\":\"https:\\\/\\\/academiavanza.com.ar\\\/?page_id=743#breadcrumb\"},\"inLanguage\":\"es-AR\",\"potentialAction\":[{\"@type\":\"ReadAction\",\"target\":[\"https:\\\/\\\/academiavanza.com.ar\\\/?page_id=743\"]}]},{\"@type\":\"ImageObject\",\"inLanguage\":\"es-AR\",\"@id\":\"https:\\\/\\\/academiavanza.com.ar\\\/?page_id=743#primaryimage\",\"url\":\"https:\\\/\\\/academiavanza.com.ar\\\/wp-content\\\/uploads\\\/2024\\\/02\\\/FASE-1-MNM-52.png\",\"contentUrl\":\"https:\\\/\\\/academiavanza.com.ar\\\/wp-content\\\/uploads\\\/2024\\\/02\\\/FASE-1-MNM-52.png\",\"width\":1094,\"height\":1094},{\"@type\":\"BreadcrumbList\",\"@id\":\"https:\\\/\\\/academiavanza.com.ar\\\/?page_id=743#breadcrumb\",\"itemListElement\":[{\"@type\":\"ListItem\",\"position\":1,\"name\":\"Home\",\"item\":\"https:\\\/\\\/academiavanza.com.ar\\\/\"},{\"@type\":\"ListItem\",\"position\":2,\"name\":\"Comunidad\"}]},{\"@type\":\"WebSite\",\"@id\":\"https:\\\/\\\/academiavanza.com.ar\\\/#website\",\"url\":\"https:\\\/\\\/academiavanza.com.ar\\\/\",\"name\":\"Academia Avanza\",\"description\":\"\",\"publisher\":{\"@id\":\"https:\\\/\\\/academiavanza.com.ar\\\/#organization\"},\"potentialAction\":[{\"@type\":\"SearchAction\",\"target\":{\"@type\":\"EntryPoint\",\"urlTemplate\":\"https:\\\/\\\/academiavanza.com.ar\\\/?s={search_term_string}\"},\"query-input\":{\"@type\":\"PropertyValueSpecification\",\"valueRequired\":true,\"valueName\":\"search_term_string\"}}],\"inLanguage\":\"es-AR\"},{\"@type\":\"Organization\",\"@id\":\"https:\\\/\\\/academiavanza.com.ar\\\/#organization\",\"name\":\"Academia Avanza\",\"url\":\"https:\\\/\\\/academiavanza.com.ar\\\/\",\"logo\":{\"@type\":\"ImageObject\",\"inLanguage\":\"es-AR\",\"@id\":\"https:\\\/\\\/academiavanza.com.ar\\\/#\\\/schema\\\/logo\\\/image\\\/\",\"url\":\"https:\\\/\\\/academiavanza.com.ar\\\/wp-content\\\/uploads\\\/2024\\\/02\\\/FASE-1-MNM-51.png\",\"contentUrl\":\"https:\\\/\\\/academiavanza.com.ar\\\/wp-content\\\/uploads\\\/2024\\\/02\\\/FASE-1-MNM-51.png\",\"width\":4080,\"height\":353,\"caption\":\"Academia Avanza\"},\"image\":{\"@id\":\"https:\\\/\\\/academiavanza.com.ar\\\/#\\\/schema\\\/logo\\\/image\\\/\"}}]}<\/script>\n<!-- \/ Yoast SEO plugin. -->","yoast_head_json":{"title":"Comunidad - Academia Avanza","robots":{"index":"index","follow":"follow","max-snippet":"max-snippet:-1","max-image-preview":"max-image-preview:large","max-video-preview":"max-video-preview:-1"},"canonical":"https:\/\/academiavanza.com.ar\/?page_id=743","og_locale":"es_ES","og_type":"article","og_title":"Comunidad - Academia Avanza","og_description":"Comunidad Comunidad Comunidad Te invito a formar parte de nuestra comunidad y convertirte en un agente facilitador del cambio, en d\u00f3nde nos comprometemos a desarrollar y compartir las mejores pr\u00e1cticas, investigaciones actualizadas y estrategias efectivas para mejorar el bienestar y la atenci\u00f3n de las personas mayores. Creemos en el poder de la colaboraci\u00f3n y la [&hellip;]","og_url":"https:\/\/academiavanza.com.ar\/?page_id=743","og_site_name":"Academia Avanza","article_modified_time":"2024-09-10T19:49:22+00:00","og_image":[{"url":"http:\/\/academiavanza.com.ar\/wp-content\/uploads\/2024\/02\/FASE-1-MNM-52-100x100.png","type":"","width":"","height":""}],"twitter_card":"summary_large_image","twitter_misc":{"Tiempo de lectura":"1 minuto"},"schema":{"@context":"https:\/\/schema.org","@graph":[{"@type":"WebPage","@id":"https:\/\/academiavanza.com.ar\/?page_id=743","url":"https:\/\/academiavanza.com.ar\/?page_id=743","name":"Comunidad - Academia Avanza","isPartOf":{"@id":"https:\/\/academiavanza.com.ar\/#website"},"primaryImageOfPage":{"@id":"https:\/\/academiavanza.com.ar\/?page_id=743#primaryimage"},"image":{"@id":"https:\/\/academiavanza.com.ar\/?page_id=743#primaryimage"},"thumbnailUrl":"http:\/\/academiavanza.com.ar\/wp-content\/uploads\/2024\/02\/FASE-1-MNM-52-100x100.png","datePublished":"2024-04-04T12:35:35+00:00","dateModified":"2024-09-10T19:49:22+00:00","breadcrumb":{"@id":"https:\/\/academiavanza.com.ar\/?page_id=743#breadcrumb"},"inLanguage":"es-AR","potentialAction":[{"@type":"ReadAction","target":["https:\/\/academiavanza.com.ar\/?page_id=743"]}]},{"@type":"ImageObject","inLanguage":"es-AR","@id":"https:\/\/academiavanza.com.ar\/?page_id=743#primaryimage","url":"https:\/\/academiavanza.com.ar\/wp-content\/uploads\/2024\/02\/FASE-1-MNM-52.png","contentUrl":"https:\/\/academiavanza.com.ar\/wp-content\/uploads\/2024\/02\/FASE-1-MNM-52.png","width":1094,"height":1094},{"@type":"BreadcrumbList","@id":"https:\/\/academiavanza.com.ar\/?page_id=743#breadcrumb","itemListElement":[{"@type":"ListItem","position":1,"name":"Home","item":"https:\/\/academiavanza.com.ar\/"},{"@type":"ListItem","position":2,"name":"Comunidad"}]},{"@type":"WebSite","@id":"https:\/\/academiavanza.com.ar\/#website","url":"https:\/\/academiavanza.com.ar\/","name":"Academia Avanza","description":"","publisher":{"@id":"https:\/\/academiavanza.com.ar\/#organization"},"potentialAction":[{"@type":"SearchAction","target":{"@type":"EntryPoint","urlTemplate":"https:\/\/academiavanza.com.ar\/?s={search_term_string}"},"query-input":{"@type":"PropertyValueSpecification","valueRequired":true,"valueName":"search_term_string"}}],"inLanguage":"es-AR"},{"@type":"Organization","@id":"https:\/\/academiavanza.com.ar\/#organization","name":"Academia Avanza","url":"https:\/\/academiavanza.com.ar\/","logo":{"@type":"ImageObject","inLanguage":"es-AR","@id":"https:\/\/academiavanza.com.ar\/#\/schema\/logo\/image\/","url":"https:\/\/academiavanza.com.ar\/wp-content\/uploads\/2024\/02\/FASE-1-MNM-51.png","contentUrl":"https:\/\/academiavanza.com.ar\/wp-content\/uploads\/2024\/02\/FASE-1-MNM-51.png","width":4080,"height":353,"caption":"Academia Avanza"},"image":{"@id":"https:\/\/academiavanza.com.ar\/#\/schema\/logo\/image\/"}}]}},"_links":{"self":[{"href":"https:\/\/academiavanza.com.ar\/index.php?rest_route=\/wp\/v2\/pages\/743","targetHints":{"allow":["GET"]}}],"collection":[{"href":"https:\/\/academiavanza.com.ar\/index.php?rest_route=\/wp\/v2\/pages"}],"about":[{"href":"https:\/\/academiavanza.com.ar\/index.php?rest_route=\/wp\/v2\/types\/page"}],"author":[{"embeddable":true,"href":"https:\/\/academiavanza.com.ar\/index.php?rest_route=\/wp\/v2\/users\/1"}],"replies":[{"embeddable":true,"href":"https:\/\/academiavanza.com.ar\/index.php?rest_route=%2Fwp%2Fv2%2Fcomments&post=743"}],"version-history":[{"count":37,"href":"https:\/\/academiavanza.com.ar\/index.php?rest_route=\/wp\/v2\/pages\/743\/revisions"}],"predecessor-version":[{"id":1411,"href":"https:\/\/academiavanza.com.ar\/index.php?rest_route=\/wp\/v2\/pages\/743\/revisions\/1411"}],"wp:attachment":[{"href":"https:\/\/academiavanza.com.ar\/index.php?rest_route=%2Fwp%2Fv2%2Fmedia&parent=743"}],"curies":[{"name":"wp","href":"https:\/\/api.w.org\/{rel}","templated":true}]}}